{"id":719,"date":"2026-03-04T16:35:38","date_gmt":"2026-03-04T16:35:38","guid":{"rendered":"https:\/\/amerex.com.mx\/wp\/?post_type=product&#038;p=719"},"modified":"2026-03-04T17:10:15","modified_gmt":"2026-03-04T17:10:15","slug":"pantalon-caballero","status":"publish","type":"product","link":"https:\/\/uniformelana.com.mx\/?product=pantalon-caballero","title":{"rendered":"PANTAL\u00d3N CABALLERO"},"content":{"rendered":"","protected":false},"excerpt":{"rendered":"<div class=\"product__description rte quick-add-hidden\">\n<p>Este pantal\u00f3n es elegante, confortable y c\u00f3modo. Est\u00e1 dise\u00f1ado con materiales de alta calidad para brindar comodidad durante todo el d\u00eda. Su estilo es perfecto para cualquier ocasi\u00f3n, mientras que su dise\u00f1o c\u00f3modo te permitir\u00e1 moverte con facilidad y libertad. Disfruta de ambas caracter\u00edsticas en un solo producto.<\/p>\n<\/div>\n<div class=\"globo-swatch-product-detail\">\n<div class=\"globo-align-content-left\">\n<div class=\"globo-swatch-list globo-swatch-list-use-js\">\n<div class=\"swatch--gl clearfix\" data-option-index=\"0\"><\/div>\n<\/div>\n<\/div>\n<\/div>\n","protected":false},"featured_media":282,"comment_status":"open","ping_status":"closed","template":"","meta":{"site-sidebar-layout":"default","site-content-layout":"","ast-site-content-layout":"default","site-content-style":"default","site-sidebar-style":"default","ast-global-header-display":"","ast-banner-title-visibility":"","ast-main-header-display":"","ast-hfb-above-header-display":"","ast-hfb-below-header-display":"","ast-hfb-mobile-header-display":"","site-post-title":"","ast-breadcrumbs-content":"","ast-featured-img":"","footer-sml-layout":"","ast-disable-related-posts":"","theme-transparent-header-meta":"default","adv-header-id-meta":"","stick-header-meta":"","header-above-stick-meta":"","header-main-stick-meta":"","header-below-stick-meta":"","astra-migrate-meta-layouts":"set","ast-page-background-enabled":"default","ast-page-background-meta":{"desktop":{"background-color":"var(--ast-global-color-5)","background-image":"","background-repeat":"repeat","background-position":"center center","background-size":"auto","background-attachment":"scroll","background-type":"","background-media":"","overlay-type":"","overlay-color":"","overlay-opacity":"","overlay-gradient":""},"tablet":{"background-color":"","background-image":"","background-repeat":"repeat","background-position":"center center","background-size":"auto","background-attachment":"scroll","background-type":"","background-media":"","overlay-type":"","overlay-color":"","overlay-opacity":"","overlay-gradient":""},"mobile":{"background-color":"","background-image":"","background-repeat":"repeat","background-position":"center center","background-size":"auto","background-attachment":"scroll","background-type":"","background-media":"","overlay-type":"","overlay-color":"","overlay-opacity":"","overlay-gradient":""}},"ast-content-background-meta":{"desktop":{"background-color":"var(--ast-global-color-4)","background-image":"","background-repeat":"repeat","background-position":"center center","background-size":"auto","background-attachment":"scroll","background-type":"","background-media":"","overlay-type":"","overlay-color":"","overlay-opacity":"","overlay-gradient":""},"tablet":{"background-color":"var(--ast-global-color-4)","background-image":"","background-repeat":"repeat","background-position":"center center","background-size":"auto","background-attachment":"scroll","background-type":"","background-media":"","overlay-type":"","overlay-color":"","overlay-opacity":"","overlay-gradient":""},"mobile":{"background-color":"var(--ast-global-color-4)","background-image":"","background-repeat":"repeat","background-position":"center center","background-size":"auto","background-attachment":"scroll","background-type":"","background-media":"","overlay-type":"","overlay-color":"","overlay-opacity":"","overlay-gradient":""}}},"product_brand":[],"product_cat":[17],"product_tag":[],"class_list":{"0":"post-719","1":"product","2":"type-product","3":"status-publish","4":"has-post-thumbnail","6":"product_cat-sin-categorizar","7":"desktop-align-left","8":"tablet-align-left","9":"mobile-align-left","11":"first","12":"instock","13":"shipping-taxable","14":"purchasable","15":"product-type-variable"},"_links":{"self":[{"href":"https:\/\/uniformelana.com.mx\/index.php?rest_route=\/wp\/v2\/product\/719","targetHints":{"allow":["GET"]}}],"collection":[{"href":"https:\/\/uniformelana.com.mx\/index.php?rest_route=\/wp\/v2\/product"}],"about":[{"href":"https:\/\/uniformelana.com.mx\/index.php?rest_route=\/wp\/v2\/types\/product"}],"replies":[{"embeddable":true,"href":"https:\/\/uniformelana.com.mx\/index.php?rest_route=%2Fwp%2Fv2%2Fcomments&post=719"}],"wp:featuredmedia":[{"embeddable":true,"href":"https:\/\/uniformelana.com.mx\/index.php?rest_route=\/wp\/v2\/media\/282"}],"wp:attachment":[{"href":"https:\/\/uniformelana.com.mx\/index.php?rest_route=%2Fwp%2Fv2%2Fmedia&parent=719"}],"wp:term":[{"taxonomy":"product_brand","embeddable":true,"href":"https:\/\/uniformelana.com.mx\/index.php?rest_route=%2Fwp%2Fv2%2Fproduct_brand&post=719"},{"taxonomy":"product_cat","embeddable":true,"href":"https:\/\/uniformelana.com.mx\/index.php?rest_route=%2Fwp%2Fv2%2Fproduct_cat&post=719"},{"taxonomy":"product_tag","embeddable":true,"href":"https:\/\/uniformelana.com.mx\/index.php?rest_route=%2Fwp%2Fv2%2Fproduct_tag&post=719"}],"curies":[{"name":"wp","href":"https:\/\/api.w.org\/{rel}","templated":true}]}}