{"id":12,"date":"2026-02-27T22:45:20","date_gmt":"2026-02-27T22:45:20","guid":{"rendered":"https:\/\/amerex.com.mx\/wp\/?page_id=12"},"modified":"2026-03-03T18:39:38","modified_gmt":"2026-03-03T18:39:38","slug":"nosotros","status":"publish","type":"page","link":"https:\/\/uniformelana.com.mx\/?page_id=12","title":{"rendered":"Nosotros"},"content":{"rendered":"\t\t<div data-elementor-type=\"wp-page\" data-elementor-id=\"12\" class=\"elementor elementor-12\">\n\t\t\t\t<div class=\"elementor-element elementor-element-d6aa4bf movimiento-ambiental e-flex e-con-boxed e-con e-parent\" data-id=\"d6aa4bf\" data-element_type=\"container\" data-e-type=\"container\">\n\t\t\t\t\t<div class=\"e-con-inner\">\n\t\t\t\t<div class=\"elementor-element elementor-element-91a9f23 elementor-position-left elementor-vertical-align-middle elementor-widget elementor-widget-image-box\" data-id=\"91a9f23\" data-element_type=\"widget\" data-e-type=\"widget\" data-widget_type=\"image-box.default\">\n\t\t\t\t\t<div class=\"elementor-image-box-wrapper\"><figure class=\"elementor-image-box-img\"><img fetchpriority=\"high\" decoding=\"async\" width=\"2560\" height=\"1707\" src=\"https:\/\/uniformelana.com.mx\/wp\/wp-content\/uploads\/2026\/03\/DJI_0953-1-scaled.jpg\" class=\"attachment-full size-full wp-image-94\" alt=\"\" srcset=\"https:\/\/uniformelana.com.mx\/wp\/wp-content\/uploads\/2026\/03\/DJI_0953-1-scaled.jpg 2560w, https:\/\/uniformelana.com.mx\/wp\/wp-content\/uploads\/2026\/03\/DJI_0953-1-scaled-600x400.jpg 600w, https:\/\/uniformelana.com.mx\/wp\/wp-content\/uploads\/2026\/03\/DJI_0953-1-300x200.jpg 300w, https:\/\/uniformelana.com.mx\/wp\/wp-content\/uploads\/2026\/03\/DJI_0953-1-1024x683.jpg 1024w, https:\/\/uniformelana.com.mx\/wp\/wp-content\/uploads\/2026\/03\/DJI_0953-1-768x512.jpg 768w, https:\/\/uniformelana.com.mx\/wp\/wp-content\/uploads\/2026\/03\/DJI_0953-1-1536x1024.jpg 1536w, https:\/\/uniformelana.com.mx\/wp\/wp-content\/uploads\/2026\/03\/DJI_0953-1-2048x1365.jpg 2048w\" sizes=\"(max-width: 2560px) 100vw, 2560px\" \/><\/figure><div class=\"elementor-image-box-content\"><h1 class=\"elementor-image-box-title\">AMEREX SA DE CV<\/h1><p class=\"elementor-image-box-description\">Somos una empresa manufacturera fundada en el a\u00f1o 1997 contando m\u00e1s de 25 a\u00f1os de experiencia en la elaboraci\u00f3n de trajes de vestir.<\/p><\/div><\/div>\t\t\t\t<\/div>\n\t\t\t\t\t<\/div>\n\t\t\t\t<\/div>\n\t\t<div class=\"elementor-element elementor-element-d53730c e-flex e-con-boxed e-con e-parent\" data-id=\"d53730c\" data-element_type=\"container\" data-e-type=\"container\">\n\t\t\t\t\t<div class=\"e-con-inner\">\n\t\t<div class=\"elementor-element elementor-element-dc9eea2 e-con-full e-flex e-con e-child\" data-id=\"dc9eea2\" data-element_type=\"container\" data-e-type=\"container\">\n\t\t\t\t<div class=\"elementor-element elementor-element-4a7d57c elementor-position-top elementor-widget elementor-widget-image-box\" data-id=\"4a7d57c\" data-element_type=\"widget\" data-e-type=\"widget\" data-widget_type=\"image-box.default\">\n\t\t\t\t\t<div class=\"elementor-image-box-wrapper\"><figure class=\"elementor-image-box-img\"><img decoding=\"async\" width=\"2560\" height=\"1707\" src=\"https:\/\/uniformelana.com.mx\/wp\/wp-content\/uploads\/2026\/03\/Corte2_mision_optimized_2000-scaled.png\" class=\"attachment-full size-full wp-image-110\" alt=\"\" srcset=\"https:\/\/uniformelana.com.mx\/wp\/wp-content\/uploads\/2026\/03\/Corte2_mision_optimized_2000-scaled.png 2560w, https:\/\/uniformelana.com.mx\/wp\/wp-content\/uploads\/2026\/03\/Corte2_mision_optimized_2000-scaled-600x400.png 600w, https:\/\/uniformelana.com.mx\/wp\/wp-content\/uploads\/2026\/03\/Corte2_mision_optimized_2000-300x200.png 300w, https:\/\/uniformelana.com.mx\/wp\/wp-content\/uploads\/2026\/03\/Corte2_mision_optimized_2000-1024x683.png 1024w, https:\/\/uniformelana.com.mx\/wp\/wp-content\/uploads\/2026\/03\/Corte2_mision_optimized_2000-768x512.png 768w, https:\/\/uniformelana.com.mx\/wp\/wp-content\/uploads\/2026\/03\/Corte2_mision_optimized_2000-1536x1024.png 1536w, https:\/\/uniformelana.com.mx\/wp\/wp-content\/uploads\/2026\/03\/Corte2_mision_optimized_2000-2048x1366.png 2048w\" sizes=\"(max-width: 2560px) 100vw, 2560px\" \/><\/figure><div class=\"elementor-image-box-content\"><h1 class=\"elementor-image-box-title\">Misi\u00f3n<\/h1><p class=\"elementor-image-box-description\">1. Ser mejor d\u00eda a d\u00eda, nos llevara a la cima del mundo.\n\n2. Con integridad y diligencia seremos personas de \u00e9xito.\n\n3. Practicando el trabajo en equipo lograremos ser la mejor empresa.<\/p><\/div><\/div>\t\t\t\t<\/div>\n\t\t\t\t<\/div>\n\t\t<div class=\"elementor-element elementor-element-cdde9f6 e-con-full e-flex e-con e-child\" data-id=\"cdde9f6\" data-element_type=\"container\" data-e-type=\"container\">\n\t\t\t\t<div class=\"elementor-element elementor-element-d407f5f elementor-position-top elementor-widget elementor-widget-image-box\" data-id=\"d407f5f\" data-element_type=\"widget\" data-e-type=\"widget\" data-widget_type=\"image-box.default\">\n\t\t\t\t\t<div class=\"elementor-image-box-wrapper\"><figure class=\"elementor-image-box-img\"><img decoding=\"async\" width=\"2560\" height=\"1707\" src=\"https:\/\/uniformelana.com.mx\/wp\/wp-content\/uploads\/2026\/03\/Empaque_vision_optimized_2000-scaled.png\" class=\"attachment-full size-full wp-image-111\" alt=\"\" srcset=\"https:\/\/uniformelana.com.mx\/wp\/wp-content\/uploads\/2026\/03\/Empaque_vision_optimized_2000-scaled.png 2560w, https:\/\/uniformelana.com.mx\/wp\/wp-content\/uploads\/2026\/03\/Empaque_vision_optimized_2000-scaled-600x400.png 600w, https:\/\/uniformelana.com.mx\/wp\/wp-content\/uploads\/2026\/03\/Empaque_vision_optimized_2000-300x200.png 300w, https:\/\/uniformelana.com.mx\/wp\/wp-content\/uploads\/2026\/03\/Empaque_vision_optimized_2000-1024x683.png 1024w, https:\/\/uniformelana.com.mx\/wp\/wp-content\/uploads\/2026\/03\/Empaque_vision_optimized_2000-768x512.png 768w, https:\/\/uniformelana.com.mx\/wp\/wp-content\/uploads\/2026\/03\/Empaque_vision_optimized_2000-1536x1024.png 1536w, https:\/\/uniformelana.com.mx\/wp\/wp-content\/uploads\/2026\/03\/Empaque_vision_optimized_2000-2048x1366.png 2048w\" sizes=\"(max-width: 2560px) 100vw, 2560px\" \/><\/figure><div class=\"elementor-image-box-content\"><h1 class=\"elementor-image-box-title\">Visi\u00f3n<\/h1><p class=\"elementor-image-box-description\">Ser una empresa innovadora en el mundo manufacturero textil con integridad y diligencia poder llegar al \u00e9xito.<\/p><\/div><\/div>\t\t\t\t<\/div>\n\t\t\t\t<\/div>\n\t\t\t\t\t<\/div>\n\t\t\t\t<\/div>\n\t\t\t\t<\/div>\n\t\t","protected":false},"excerpt":{"rendered":"<p>AMEREX SA DE CV Somos una empresa manufacturera fundada en el a\u00f1o 1997 contando m\u00e1s de 25 a\u00f1os de experiencia [&hellip;]<\/p>\n","protected":false},"author":1,"featured_media":0,"parent":0,"menu_order":0,"comment_status":"closed","ping_status":"closed","template":"","meta":{"site-sidebar-layout":"no-sidebar","site-content-layout":"","ast-site-content-layout":"full-width-container","site-content-style":"default","site-sidebar-style":"default","ast-global-header-display":"","ast-banner-title-visibility":"","ast-main-header-display":"","ast-hfb-above-header-display":"","ast-hfb-below-header-display":"","ast-hfb-mobile-header-display":"","site-post-title":"disabled","ast-breadcrumbs-content":"","ast-featured-img":"disabled","footer-sml-layout":"","ast-disable-related-posts":"","theme-transparent-header-meta":"","adv-header-id-meta":"","stick-header-meta":"","header-above-stick-meta":"","header-main-stick-meta":"","header-below-stick-meta":"","astra-migrate-meta-layouts":"default","ast-page-background-enabled":"default","ast-page-background-meta":{"desktop":{"background-color":"var(--ast-global-color-5)","background-image":"","background-repeat":"repeat","background-position":"center center","background-size":"auto","background-attachment":"scroll","background-type":"","background-media":"","overlay-type":"","overlay-color":"","overlay-opacity":"","overlay-gradient":""},"tablet":{"background-color":"","background-image":"","background-repeat":"repeat","background-position":"center center","background-size":"auto","background-attachment":"scroll","background-type":"","background-media":"","overlay-type":"","overlay-color":"","overlay-opacity":"","overlay-gradient":""},"mobile":{"background-color":"","background-image":"","background-repeat":"repeat","background-position":"center center","background-size":"auto","background-attachment":"scroll","background-type":"","background-media":"","overlay-type":"","overlay-color":"","overlay-opacity":"","overlay-gradient":""}},"ast-content-background-meta":{"desktop":{"background-color":"var(--ast-global-color-4)","background-image":"","background-repeat":"repeat","background-position":"center center","background-size":"auto","background-attachment":"scroll","background-type":"","background-media":"","overlay-type":"","overlay-color":"","overlay-opacity":"","overlay-gradient":""},"tablet":{"background-color":"var(--ast-global-color-4)","background-image":"","background-repeat":"repeat","background-position":"center center","background-size":"auto","background-attachment":"scroll","background-type":"","background-media":"","overlay-type":"","overlay-color":"","overlay-opacity":"","overlay-gradient":""},"mobile":{"background-color":"var(--ast-global-color-4)","background-image":"","background-repeat":"repeat","background-position":"center center","background-size":"auto","background-attachment":"scroll","background-type":"","background-media":"","overlay-type":"","overlay-color":"","overlay-opacity":"","overlay-gradient":""}},"footnotes":""},"class_list":["post-12","page","type-page","status-publish","hentry"],"_links":{"self":[{"href":"https:\/\/uniformelana.com.mx\/index.php?rest_route=\/wp\/v2\/pages\/12","targetHints":{"allow":["GET"]}}],"collection":[{"href":"https:\/\/uniformelana.com.mx\/index.php?rest_route=\/wp\/v2\/pages"}],"about":[{"href":"https:\/\/uniformelana.com.mx\/index.php?rest_route=\/wp\/v2\/types\/page"}],"author":[{"embeddable":true,"href":"https:\/\/uniformelana.com.mx\/index.php?rest_route=\/wp\/v2\/users\/1"}],"replies":[{"embeddable":true,"href":"https:\/\/uniformelana.com.mx\/index.php?rest_route=%2Fwp%2Fv2%2Fcomments&post=12"}],"version-history":[{"count":21,"href":"https:\/\/uniformelana.com.mx\/index.php?rest_route=\/wp\/v2\/pages\/12\/revisions"}],"predecessor-version":[{"id":605,"href":"https:\/\/uniformelana.com.mx\/index.php?rest_route=\/wp\/v2\/pages\/12\/revisions\/605"}],"wp:attachment":[{"href":"https:\/\/uniformelana.com.mx\/index.php?rest_route=%2Fwp%2Fv2%2Fmedia&parent=12"}],"curies":[{"name":"wp","href":"https:\/\/api.w.org\/{rel}","templated":true}]}}